{"id":87,"date":"2026-01-24T20:17:32","date_gmt":"2026-01-24T19:17:32","guid":{"rendered":"https:\/\/pinkhat.eu\/?page_id=87"},"modified":"2026-02-01T23:04:30","modified_gmt":"2026-02-01T22:04:30","slug":"about-theme","status":"publish","type":"page","link":"https:\/\/pinkhat.eu\/?page_id=87","title":{"rendered":"O mnie"},"content":{"rendered":"<p><img loading=\"lazy\" decoding=\"async\" class=\"size-medium wp-image-193 alignleft\" src=\"https:\/\/pinkhat.eu\/wp-content\/uploads\/2026\/01\/cropped-Copilot_20251126_221218-1-e1769291421865-252x300.png\" alt=\"\" width=\"252\" height=\"300\" srcset=\"https:\/\/pinkhat.eu\/wp-content\/uploads\/2026\/01\/cropped-Copilot_20251126_221218-1-e1769291421865-252x300.png 252w, https:\/\/pinkhat.eu\/wp-content\/uploads\/2026\/01\/cropped-Copilot_20251126_221218-1-e1769291421865.png 733w\" sizes=\"auto, (max-width: 252px) 100vw, 252px\" \/><\/p>\r\n<p><strong>Blog o technologiach i bezpiecze\u0144stwie spod znaku jednoro\u017cca.<\/strong>\u00a0<img decoding=\"async\" class=\"emoji\" role=\"img\" draggable=\"false\" src=\"https:\/\/s.w.org\/images\/core\/emoji\/17.0.2\/svg\/2728.svg\" alt=\"\u2728\" \/>\ufe0f<img decoding=\"async\" class=\"emoji\" role=\"img\" draggable=\"false\" src=\"https:\/\/s.w.org\/images\/core\/emoji\/17.0.2\/svg\/1f984.svg\" alt=\"\ud83e\udd84\" \/><img decoding=\"async\" class=\"emoji\" role=\"img\" draggable=\"false\" src=\"https:\/\/s.w.org\/images\/core\/emoji\/17.0.2\/svg\/2728.svg\" alt=\"\u2728\" \/>\ufe0f \u00a0<\/p>\r\n<p>&nbsp;<\/p>\r\n<p>Na blogu b\u0119d\u0119 stara\u0142a si\u0119 porusza\u0107 tematy, wobec kt\u00f3rych jestem<span style=\"color: #ff99cc;\">\u00a0<strong>r\u00f3\u017cowa<\/strong><\/span>. Ka\u017cdy artyku\u0142 to pr\u00f3ba odpowiedzi na pytanie &#8211; czy mo\u017cliwe jest zg\u0142\u0119bienie wybranego zagadnienia, gdy zaczynasz kompletnie od zera (lub od podstaw), b\u0119d\u0105c w tym temacie r\u00f3\u017cowym?<\/p>\r\n<p>Nie wiem, <strong><span style=\"color: #ff99cc;\">ale si\u0119 dowiem<\/span><\/strong>. Challenge accepted! \u00a0<\/p>\r\n<p>&nbsp;<\/p>\r\n<p>&nbsp;<\/p>\r\n<p style=\"text-align: center;\">\u201cCuriosity is the engine of achievement.\u201d \u2015 <span class=\"authorOrTitle\"> Ken Robinson <\/span><\/p>\r\n<p>&nbsp;<\/p>\r\n<p style=\"text-align: center;\"><span style=\"color: #ff99cc;\"><strong>Pink Hat Girls<\/strong><\/span><\/p>\r\n<p>W \u015bwiecie informacji, w kt\u00f3rym ka\u017cdy zdaje si\u0119 by\u0107 ekspertem, postanawiam podj\u0105\u0107 nie\u015bmia\u0142\u0105 pr\u00f3b\u0119 stworzenia bezpiecznej przestrzeni dla user\u00f3w <span style=\"color: #ff99cc;\"><strong>r\u00f3\u017cowych,<\/strong><span style=\"color: #000000;\"> pragn\u0105cych zg\u0142\u0119bia\u0107 sekrety technologii i bezpiecze\u0144stwa w r\u00f3\u017cnych obszarach<\/span><\/span><span style=\"color: #000000;\">.\u00a0<\/span> \u00a0 \u00a0<\/p>\r\n<p>&nbsp;<\/p>\r\n\r\n<p><strong>Disclaimer:<\/strong><\/p>\r\n<p>Blog zawiera tre\u015bci, kt\u00f3re przedstawiaj\u0105 moje prywatne opinie.<\/p>\r\n<p>Zdj\u0119cia, je\u015bli nie s\u0105 podpisane, pochodz\u0105 ze zbior\u00f3w prywatnych albo z serwisu pexels.com.<\/p>\r\n<p>Pomimo wszelkich stara\u0144, by zapewni\u0107 artyku\u0142om wiarygodne i rzetelne \u017ar\u00f3d\u0142a, nale\u017cy za\u0142o\u017cy\u0107, \u017ce <strong><span style=\"color: #ff99cc;\">Pink Hat<\/span><\/strong> nie jest ekspertem.<\/p>","protected":false},"excerpt":{"rendered":"<p>Blog o technologiach i bezpiecze\u0144stwie spod znaku jednoro\u017cca.\u00a0\ufe0f\ufe0f \u00a0 &nbsp; Na blogu b\u0119d\u0119 stara\u0142a si\u0119&#8230;<\/p>\n","protected":false},"author":1,"featured_media":0,"parent":0,"menu_order":0,"comment_status":"closed","ping_status":"closed","template":"","meta":{"footnotes":""},"class_list":["post-87","page","type-page","status-publish","hentry"],"_links":{"self":[{"href":"https:\/\/pinkhat.eu\/index.php?rest_route=\/wp\/v2\/pages\/87","targetHints":{"allow":["GET"]}}],"collection":[{"href":"https:\/\/pinkhat.eu\/index.php?rest_route=\/wp\/v2\/pages"}],"about":[{"href":"https:\/\/pinkhat.eu\/index.php?rest_route=\/wp\/v2\/types\/page"}],"author":[{"embeddable":true,"href":"https:\/\/pinkhat.eu\/index.php?rest_route=\/wp\/v2\/users\/1"}],"replies":[{"embeddable":true,"href":"https:\/\/pinkhat.eu\/index.php?rest_route=%2Fwp%2Fv2%2Fcomments&post=87"}],"version-history":[{"count":20,"href":"https:\/\/pinkhat.eu\/index.php?rest_route=\/wp\/v2\/pages\/87\/revisions"}],"predecessor-version":[{"id":280,"href":"https:\/\/pinkhat.eu\/index.php?rest_route=\/wp\/v2\/pages\/87\/revisions\/280"}],"wp:attachment":[{"href":"https:\/\/pinkhat.eu\/index.php?rest_route=%2Fwp%2Fv2%2Fmedia&parent=87"}],"curies":[{"name":"wp","href":"https:\/\/api.w.org\/{rel}","templated":true}]}}