{"id":171,"date":"2026-01-24T22:26:47","date_gmt":"2026-01-24T21:26:47","guid":{"rendered":"https:\/\/pinkhat.eu\/?page_id=171"},"modified":"2026-01-28T19:39:58","modified_gmt":"2026-01-28T18:39:58","slug":"linki","status":"publish","type":"page","link":"https:\/\/pinkhat.eu\/?page_id=171","title":{"rendered":"Linki"},"content":{"rendered":"\r\n<p><img loading=\"lazy\" decoding=\"async\" class=\"size-medium wp-image-193 alignleft\" src=\"https:\/\/pinkhat.eu\/wp-content\/uploads\/2026\/01\/cropped-Copilot_20251126_221218-1-e1769291421865-252x300.png\" alt=\"\" width=\"252\" height=\"300\" srcset=\"https:\/\/pinkhat.eu\/wp-content\/uploads\/2026\/01\/cropped-Copilot_20251126_221218-1-e1769291421865-252x300.png 252w, https:\/\/pinkhat.eu\/wp-content\/uploads\/2026\/01\/cropped-Copilot_20251126_221218-1-e1769291421865.png 733w\" sizes=\"auto, (max-width: 252px) 100vw, 252px\" \/>Czyli ulubione serwisy do pomna\u017cania wiedzy, kt\u00f3re polecam.<\/p>\r\n\r\n\r\n\r\n<p><strong>Security:<\/strong><\/p>\r\n\r\n\r\n\r\n<ul>\r\n<li><a href=\"https:\/\/sekurak.pl\" target=\"_blank\" rel=\"noopener\">Sekurak.pl<\/a><\/li>\r\n<li><a href=\"https:\/\/zaufanatrzeciastrona.pl\" target=\"_blank\" rel=\"noopener\">Zaufanatrzeciastrona.pl<\/a><\/li>\r\n<li><a href=\"https:\/\/niebezpiecznik.pl\" target=\"_blank\" rel=\"noopener\">Niebezpiecznik.pl<\/a><\/li>\r\n<\/ul>\r\n<p><strong>Zbi\u00f3r news\u00f3w:<\/strong><\/p>\r\n<ul>\r\n<li><a href=\"https:\/\/zaufanatrzeciastrona.pl\/post\/tag\/weekendowa-lektura\/\" target=\"_blank\" rel=\"noopener\">https:\/\/zaufanatrzeciastrona.pl\/post\/tag\/weekendowa-lektura\/<\/a><\/li>\r\n<li><a href=\"https:\/\/news.mrugalski.pl\/\" target=\"_blank\" rel=\"noopener\">https:\/\/news.mrugalski.pl\/<\/a><\/li>\r\n<\/ul>\r\n<p><strong>Zbiory link\u00f3w i tutoriali \/ ciekawe projekty :<\/strong><\/p>\r\n<ul>\r\n<li>Not the Hidden Wiki: <a href=\"https:\/\/github.com\/notthehiddenwiki\/nthw\" target=\"_blank\" rel=\"noopener\">https:\/\/github.com\/notthehiddenwiki\/nthw<\/a><\/li>\r\n<\/ul>\r\n","protected":false},"excerpt":{"rendered":"<p>Czyli ulubione serwisy do pomna\u017cania wiedzy, kt\u00f3re polecam. Security: Sekurak.pl Zaufanatrzeciastrona.pl Niebezpiecznik.pl Zbi\u00f3r news\u00f3w: https:\/\/zaufanatrzeciastrona.pl\/post\/tag\/weekendowa-lektura\/&#8230;<\/p>\n","protected":false},"author":1,"featured_media":0,"parent":0,"menu_order":0,"comment_status":"closed","ping_status":"closed","template":"","meta":{"footnotes":""},"class_list":["post-171","page","type-page","status-publish","hentry"],"_links":{"self":[{"href":"https:\/\/pinkhat.eu\/index.php?rest_route=\/wp\/v2\/pages\/171","targetHints":{"allow":["GET"]}}],"collection":[{"href":"https:\/\/pinkhat.eu\/index.php?rest_route=\/wp\/v2\/pages"}],"about":[{"href":"https:\/\/pinkhat.eu\/index.php?rest_route=\/wp\/v2\/types\/page"}],"author":[{"embeddable":true,"href":"https:\/\/pinkhat.eu\/index.php?rest_route=\/wp\/v2\/users\/1"}],"replies":[{"embeddable":true,"href":"https:\/\/pinkhat.eu\/index.php?rest_route=%2Fwp%2Fv2%2Fcomments&post=171"}],"version-history":[{"count":15,"href":"https:\/\/pinkhat.eu\/index.php?rest_route=\/wp\/v2\/pages\/171\/revisions"}],"predecessor-version":[{"id":262,"href":"https:\/\/pinkhat.eu\/index.php?rest_route=\/wp\/v2\/pages\/171\/revisions\/262"}],"wp:attachment":[{"href":"https:\/\/pinkhat.eu\/index.php?rest_route=%2Fwp%2Fv2%2Fmedia&parent=171"}],"curies":[{"name":"wp","href":"https:\/\/api.w.org\/{rel}","templated":true}]}}